{"id":10,"date":"2020-10-01T06:55:00","date_gmt":"2020-10-01T06:55:00","guid":{"rendered":"https:\/\/acm-muncesti.com\/?page_id=10"},"modified":"2020-12-15T07:56:57","modified_gmt":"2020-12-15T07:56:57","slug":"servicii","status":"publish","type":"page","link":"https:\/\/acm-muncesti.com\/ro\/servicii\/","title":{"rendered":"Servicii"},"content":{"rendered":"<p class=\"qtranxs-available-languages-message qtranxs-available-languages-message-ro\">Din p\u0103cate acest articol este disponibil doar \u00een <a href=\"https:\/\/acm-muncesti.com\/ru\/wp-json\/wp\/v2\/pages\/10\" class=\"qtranxs-available-language-link qtranxs-available-language-link-ru\" title=\"\u0420\u0443\u0441\u0441\u043a\u0438\u0439\">Rus\u0103<\/a>.<\/p>","protected":false},"excerpt":{"rendered":"<p>Din p\u0103cate acest articol este disponibil doar \u00een Rus\u0103.<\/p>\n","protected":false},"author":1,"featured_media":0,"parent":0,"menu_order":0,"comment_status":"closed","ping_status":"closed","template":"page-services.php","meta":[],"_links":{"self":[{"href":"https:\/\/acm-muncesti.com\/ro\/wp-json\/wp\/v2\/pages\/10"}],"collection":[{"href":"https:\/\/acm-muncesti.com\/ro\/wp-json\/wp\/v2\/pages"}],"about":[{"href":"https:\/\/acm-muncesti.com\/ro\/wp-json\/wp\/v2\/types\/page"}],"author":[{"embeddable":true,"href":"https:\/\/acm-muncesti.com\/ro\/wp-json\/wp\/v2\/users\/1"}],"replies":[{"embeddable":true,"href":"https:\/\/acm-muncesti.com\/ro\/wp-json\/wp\/v2\/comments?post=10"}],"version-history":[{"count":6,"href":"https:\/\/acm-muncesti.com\/ro\/wp-json\/wp\/v2\/pages\/10\/revisions"}],"predecessor-version":[{"id":1192,"href":"https:\/\/acm-muncesti.com\/ro\/wp-json\/wp\/v2\/pages\/10\/revisions\/1192"}],"wp:attachment":[{"href":"https:\/\/acm-muncesti.com\/ro\/wp-json\/wp\/v2\/media?parent=10"}],"curies":[{"name":"wp","href":"https:\/\/api.w.org\/{rel}","templated":true}]}}