{"id":1078,"date":"2020-10-01T06:10:21","date_gmt":"2020-10-01T06:10:21","guid":{"rendered":"https:\/\/acm-muncesti.com\/?page_id=1078"},"modified":"2020-12-15T07:45:18","modified_gmt":"2020-12-15T07:45:18","slug":"echipament","status":"publish","type":"page","link":"https:\/\/acm-muncesti.com\/ro\/de-vanzare\/echipament\/","title":{"rendered":"Echipament"},"content":{"rendered":"<p><\/p>\n<h3><strong>De v\u00e2nzare Linie de laminare a profilului metal-plastic BF-300<\/strong><\/h3>\n<p>Proiectat pentru acoperirea profilelor metal-plastic, clorur\u0103 de polivinil (PVC) \u0219i aluminiu cu role. Echipamentul asigur\u0103 o conexiune bun\u0103 \u00eentre profil \u0219i film. Profilul acoperit este mai rezistent la temperaturi extreme; \u00een raport cu radia\u021biile ultraviolete; tolereaz\u0103 calm efectele detergen\u021bilor, nu se deformeaz\u0103 atunci c\u00e2nd este expus la umezeal\u0103.<\/p>\n<p>Pre\u021b: 8000 \u20ac.<\/p>\n<p style=\"text-align: center;\"><img loading=\"lazy\" class=\" wp-image-648 aligncenter\" src=\"https:\/\/acm-muncesti.com\/wp-content\/uploads\/2020\/11\/2842_p800-300x171.jpg\" alt=\"\" width=\"511\" height=\"291\" srcset=\"https:\/\/acm-muncesti.com\/wp-content\/uploads\/2020\/11\/2842_p800-300x171.jpg 300w, https:\/\/acm-muncesti.com\/wp-content\/uploads\/2020\/11\/2842_p800-768x439.jpg 768w, https:\/\/acm-muncesti.com\/wp-content\/uploads\/2020\/11\/2842_p800.jpg 800w\" sizes=\"(max-width: 511px) 100vw, 511px\" \/><\/p>\n<p style=\"text-align: left;\">Este posibil s\u0103 schimba\u021bi echipamente de prelucrare a metalelor, scule electrice, echipamente de sudur\u0103, un tractor cu semiremorc\u0103 lung\u0103 sau camioane cu cabin\u0103 dubl\u0103 \u0219i un manipulator de macarale.<\/p>\n<p>Tel.: <a href=\"tel:+37369722281\">(+373) 697 22 281<\/a>; <a href=\"tel:+37369125253\">(+373) 691 25 253<\/a><\/p>\n<p style=\"text-align: center;\"><img loading=\"lazy\" class=\"alignnone wp-image-649\" src=\"https:\/\/acm-muncesti.com\/wp-content\/uploads\/2020\/11\/3949ad9f43b50450babee09cc28cbb74-300x156.jpg\" alt=\"\" width=\"254\" height=\"132\" \/> <img loading=\"lazy\" class=\"alignnone wp-image-650\" src=\"https:\/\/acm-muncesti.com\/wp-content\/uploads\/2020\/11\/imgpreview-1.jpg\" alt=\"\" width=\"175\" height=\"131\" \/> \u00a0<img loading=\"lazy\" class=\"alignnone wp-image-652\" src=\"https:\/\/acm-muncesti.com\/wp-content\/uploads\/2020\/11\/imgpreview.jpg\" alt=\"\" width=\"167\" height=\"130\" \/> <img loading=\"lazy\" class=\"alignnone wp-image-651\" src=\"https:\/\/acm-muncesti.com\/wp-content\/uploads\/2020\/11\/imgpreview-2-300x145.jpg\" alt=\"\" width=\"274\" height=\"133\" \/><\/p>\n<p>&nbsp;<\/p>","protected":false},"excerpt":{"rendered":"<p>De v\u00e2nzare Linie de laminare a profilului metal-plastic BF-300 Proiectat pentru acoperirea profilelor metal-plastic, clorur\u0103 de polivinil (PVC) \u0219i aluminiu cu role. Echipamentul asigur\u0103 o conexiune bun\u0103 \u00eentre profil \u0219i film. Profilul acoperit este mai rezistent la temperaturi extreme; \u00een raport cu radia\u021biile ultraviolete; tolereaz\u0103 calm efectele detergen\u021bilor, nu se deformeaz\u0103 atunci c\u00e2nd este expus [&hellip;]<\/p>\n","protected":false},"author":1,"featured_media":0,"parent":462,"menu_order":0,"comment_status":"closed","ping_status":"closed","template":"","meta":[],"_links":{"self":[{"href":"https:\/\/acm-muncesti.com\/ro\/wp-json\/wp\/v2\/pages\/1078"}],"collection":[{"href":"https:\/\/acm-muncesti.com\/ro\/wp-json\/wp\/v2\/pages"}],"about":[{"href":"https:\/\/acm-muncesti.com\/ro\/wp-json\/wp\/v2\/types\/page"}],"author":[{"embeddable":true,"href":"https:\/\/acm-muncesti.com\/ro\/wp-json\/wp\/v2\/users\/1"}],"replies":[{"embeddable":true,"href":"https:\/\/acm-muncesti.com\/ro\/wp-json\/wp\/v2\/comments?post=1078"}],"version-history":[{"count":6,"href":"https:\/\/acm-muncesti.com\/ro\/wp-json\/wp\/v2\/pages\/1078\/revisions"}],"predecessor-version":[{"id":1096,"href":"https:\/\/acm-muncesti.com\/ro\/wp-json\/wp\/v2\/pages\/1078\/revisions\/1096"}],"up":[{"embeddable":true,"href":"https:\/\/acm-muncesti.com\/ro\/wp-json\/wp\/v2\/pages\/462"}],"wp:attachment":[{"href":"https:\/\/acm-muncesti.com\/ro\/wp-json\/wp\/v2\/media?parent=1078"}],"curies":[{"name":"wp","href":"https:\/\/api.w.org\/{rel}","templated":true}]}}