{"id":1368,"date":"2020-10-01T08:20:38","date_gmt":"2020-10-01T08:20:38","guid":{"rendered":"https:\/\/acm-muncesti.com\/?page_id=1368"},"modified":"2021-01-28T11:28:12","modified_gmt":"2021-01-28T11:28:12","slug":"russkij-svarnye-balki","status":"publish","type":"page","link":"https:\/\/acm-muncesti.com\/ro\/russkij-svarnye-balki\/","title":{"rendered":"Grinzi sudate"},"content":{"rendered":"<p>Odat\u0103 cu dezvoltarea tehnologiilor de construc\u021bie, cl\u0103dirile din structuri metalice u\u0219oare, realizate pe baz\u0103 de cadru, devin din ce \u00een ce mai populare. \u00cen acest caz, grinda sudat\u0103 este un element indispensabil, deoarece capacitatea sa portant\u0103 \u0219i rigiditatea dep\u0103\u0219esc capacit\u0103\u021bile profilului laminat.<br \/>\nFabrica noastr\u0103 produce mul\u021bi ani structuri sudate pentru cadre de construc\u021bii. Putem sublinia cu \u00eencredere c\u0103 structurile noastre sudate (grinzile) sunt testate \u00een timp.<\/p>\n<p>Linia existent\u0103 de grinzi sudate permite producerea grinzilor de urm\u0103toarele dimensiuni:<\/p>\n<p>lungimea fasciculului \u2013 de la 1 p\u00een\u0103 la 12 metri;<br \/>\n\u00een\u0103l\u021bimea peretelui grinzii (H) &#8211; de la 300 p\u00een\u0103 la 1200 mm;<br \/>\ngrosimea peretelui (S) &#8211; de la 6 p\u00een\u0103 la 30 mm;<br \/>\nl\u0103\u021bimea rafturilor (B) &#8211; de la 200 p\u00een\u0103 la 800 mm;<br \/>\ngrosimea rafturilor (t) &#8211; de la 6 p\u00een\u0103 la 36 mm.<\/p>","protected":false},"excerpt":{"rendered":"<p>Odat\u0103 cu dezvoltarea tehnologiilor de construc\u021bie, cl\u0103dirile din structuri metalice u\u0219oare, realizate pe baz\u0103 de cadru, devin din ce \u00een ce mai populare. \u00cen acest caz, grinda sudat\u0103 este un element indispensabil, deoarece capacitatea sa portant\u0103 \u0219i rigiditatea dep\u0103\u0219esc capacit\u0103\u021bile profilului laminat. Fabrica noastr\u0103 produce mul\u021bi ani structuri sudate pentru cadre de construc\u021bii. Putem sublinia [&hellip;]<\/p>\n","protected":false},"author":1,"featured_media":0,"parent":0,"menu_order":0,"comment_status":"closed","ping_status":"closed","template":"","meta":[],"_links":{"self":[{"href":"https:\/\/acm-muncesti.com\/ro\/wp-json\/wp\/v2\/pages\/1368"}],"collection":[{"href":"https:\/\/acm-muncesti.com\/ro\/wp-json\/wp\/v2\/pages"}],"about":[{"href":"https:\/\/acm-muncesti.com\/ro\/wp-json\/wp\/v2\/types\/page"}],"author":[{"embeddable":true,"href":"https:\/\/acm-muncesti.com\/ro\/wp-json\/wp\/v2\/users\/1"}],"replies":[{"embeddable":true,"href":"https:\/\/acm-muncesti.com\/ro\/wp-json\/wp\/v2\/comments?post=1368"}],"version-history":[{"count":12,"href":"https:\/\/acm-muncesti.com\/ro\/wp-json\/wp\/v2\/pages\/1368\/revisions"}],"predecessor-version":[{"id":1841,"href":"https:\/\/acm-muncesti.com\/ro\/wp-json\/wp\/v2\/pages\/1368\/revisions\/1841"}],"wp:attachment":[{"href":"https:\/\/acm-muncesti.com\/ro\/wp-json\/wp\/v2\/media?parent=1368"}],"curies":[{"name":"wp","href":"https:\/\/api.w.org\/{rel}","templated":true}]}}