{"id":1902,"date":"2021-02-01T14:11:30","date_gmt":"2021-02-01T14:11:30","guid":{"rendered":"https:\/\/acm-muncesti.com\/?page_id=1902"},"modified":"2021-02-03T10:49:50","modified_gmt":"2021-02-03T10:49:50","slug":"lucrari-de-demontare","status":"publish","type":"page","link":"https:\/\/acm-muncesti.com\/ro\/lucrari-de-demontare\/","title":{"rendered":"Lucr\u0103ri de demontare"},"content":{"rendered":"<p>&#8221;ACM-Muncesti&#8221; SRL demonteaz\u0103 carcasele metalice ale cl\u0103dirilor, construc\u021biilor de orice complexitate, precum \u0219i echipamentelor, conductelor, cu r\u0103scump\u0103rarea metalului dup\u0103 demontare. Evacu\u0103m metalul demontat cu propriile autovehicule.<\/p>\n<p>Colabor\u0103m cu persoane juridice \u0219i private.<\/p>\n<p>Lucr\u0103m \u00een toat\u0103 Moldova.<\/p>\n<p>Evaluarea de\u0219eurilor metalice acceptate este asigurat\u0103 de c\u00e2ntare cu precizie de c\u00e2nt\u0103rire confirmat\u0103.<\/p>\n<p>Costul demont\u0103rii depinde de volumul \u0219i nivelul de complexitate al construc\u021biilor metalice.<\/p>","protected":false},"excerpt":{"rendered":"<p>&#8221;ACM-Muncesti&#8221; SRL demonteaz\u0103 carcasele metalice ale cl\u0103dirilor, construc\u021biilor de orice complexitate, precum \u0219i echipamentelor, conductelor, cu r\u0103scump\u0103rarea metalului dup\u0103 demontare. Evacu\u0103m metalul demontat cu propriile autovehicule. Colabor\u0103m cu persoane juridice \u0219i private. Lucr\u0103m \u00een toat\u0103 Moldova. Evaluarea de\u0219eurilor metalice acceptate este asigurat\u0103 de c\u00e2ntare cu precizie de c\u00e2nt\u0103rire confirmat\u0103. Costul demont\u0103rii depinde de volumul \u0219i [&hellip;]<\/p>\n","protected":false},"author":1,"featured_media":0,"parent":0,"menu_order":0,"comment_status":"closed","ping_status":"closed","template":"","meta":[],"_links":{"self":[{"href":"https:\/\/acm-muncesti.com\/ro\/wp-json\/wp\/v2\/pages\/1902"}],"collection":[{"href":"https:\/\/acm-muncesti.com\/ro\/wp-json\/wp\/v2\/pages"}],"about":[{"href":"https:\/\/acm-muncesti.com\/ro\/wp-json\/wp\/v2\/types\/page"}],"author":[{"embeddable":true,"href":"https:\/\/acm-muncesti.com\/ro\/wp-json\/wp\/v2\/users\/1"}],"replies":[{"embeddable":true,"href":"https:\/\/acm-muncesti.com\/ro\/wp-json\/wp\/v2\/comments?post=1902"}],"version-history":[{"count":11,"href":"https:\/\/acm-muncesti.com\/ro\/wp-json\/wp\/v2\/pages\/1902\/revisions"}],"predecessor-version":[{"id":1954,"href":"https:\/\/acm-muncesti.com\/ro\/wp-json\/wp\/v2\/pages\/1902\/revisions\/1954"}],"wp:attachment":[{"href":"https:\/\/acm-muncesti.com\/ro\/wp-json\/wp\/v2\/media?parent=1902"}],"curies":[{"name":"wp","href":"https:\/\/api.w.org\/{rel}","templated":true}]}}