{"id":23,"date":"2020-10-01T11:20:38","date_gmt":"2020-10-01T11:20:38","guid":{"rendered":"https:\/\/acm-muncesti.com\/?page_id=23"},"modified":"2021-01-13T13:13:30","modified_gmt":"2021-01-13T13:13:30","slug":"despre-noi","status":"publish","type":"page","link":"https:\/\/acm-muncesti.com\/ro\/despre-noi\/","title":{"rendered":"Despre noi"},"content":{"rendered":"<p><\/p>\n<p style=\"text-align: left;\">\u00cen prezent, suntem o \u00eentreprindere multidisciplinar\u0103 de prelucrare a metalelor, care lucreaz\u0103 <strong>pe un ciclu tehnologic complet<\/strong>:<\/p>\n<p style=\"text-align: left;\">Proiectare<br \/>\nEchipament<br \/>\nFabricarea<br \/>\nLivrare la obiect<br \/>\nInstalare<\/p>\n<h3 style=\"text-align: left;\"><!--more--><\/h3>\n<p style=\"text-align: left;\">\u00centreprinderea dispune de tot ce este necesar pentru producerea, transportul \u0219i montarea construc\u021biilor metalice \u0219i a echipamentelor nestandardizate: suprafe\u021be de produc\u021bie, parc de ma\u0219ini, utilaje de ridicare a \u00eenc\u0103rc\u0103turii, \u00eenc\u0103peri de depozitare, parc auto specializat \u0219i tehnic\u0103 de ridicare.<\/p>\n<p style=\"text-align: left;\">Facilit\u0103\u021bile noastre sunt \u00eent\u00e2mpina\u021bi cu Tine la punctele vamale de la intrarea \u00een Moldova de la Briceni p\u00e2n\u0103 la Giurgiule\u0219ti \u0219i V\u0103 \u00eenso\u021beasc\u0103 pe \u00eentreg teritoriul republicii: unit\u0103\u021bile de produc\u021bie, frigidere, depozite, fabrici \u0219i individuale, hale, spitale, centre comerciale, BENZIN\u0102RII, sp\u0103l\u0103torii auto, sta\u021bii de deservire tehnic\u0103, cl\u0103diri administrative, semne rutiere, etc.<\/p>\n<p style=\"text-align: left;\">Lucr\u0103m numai cu materiale certificate.<\/p>\n<p style=\"text-align: left;\">Construc\u021biile metalice \u0219i echipamentele nestandardizate produse de &#8222;ACM-Muncesti&#8221; sunt utilizate at\u00e2t pentru construc\u021bia de cl\u0103diri noi, c\u00e2t \u0219i pentru reconstruc\u021bia cl\u0103dirilor \u0219i construc\u021biilor existente cu destina\u021bie industrial\u0103, civil\u0103, agricol\u0103, social\u0103, cultural\u0103 \u0219i de uz casnic.<\/p>\n<p style=\"text-align: left;\"><strong>&#8222;ACM-Muncesti&#8221; are un num\u0103r mare de clien\u021bi fideli \u0219i se m\u00e2ndre\u0219te cu acest lucru.<\/strong><\/p>\n<h3 style=\"text-align: left;\"><strong>Al\u0103tura\u021bi-v\u0103 \u0219i voi!<\/strong><\/h3>\n<p><\/p>","protected":false},"excerpt":{"rendered":"<p>Din p\u0103cate acest articol este disponibil doar \u00een Englez\u0103 American\u0103.<\/p>\n","protected":false},"author":1,"featured_media":0,"parent":0,"menu_order":0,"comment_status":"closed","ping_status":"closed","template":"page-about-us.php","meta":[],"_links":{"self":[{"href":"https:\/\/acm-muncesti.com\/ro\/wp-json\/wp\/v2\/pages\/23"}],"collection":[{"href":"https:\/\/acm-muncesti.com\/ro\/wp-json\/wp\/v2\/pages"}],"about":[{"href":"https:\/\/acm-muncesti.com\/ro\/wp-json\/wp\/v2\/types\/page"}],"author":[{"embeddable":true,"href":"https:\/\/acm-muncesti.com\/ro\/wp-json\/wp\/v2\/users\/1"}],"replies":[{"embeddable":true,"href":"https:\/\/acm-muncesti.com\/ro\/wp-json\/wp\/v2\/comments?post=23"}],"version-history":[{"count":63,"href":"https:\/\/acm-muncesti.com\/ro\/wp-json\/wp\/v2\/pages\/23\/revisions"}],"predecessor-version":[{"id":1832,"href":"https:\/\/acm-muncesti.com\/ro\/wp-json\/wp\/v2\/pages\/23\/revisions\/1832"}],"wp:attachment":[{"href":"https:\/\/acm-muncesti.com\/ro\/wp-json\/wp\/v2\/media?parent=23"}],"curies":[{"name":"wp","href":"https:\/\/api.w.org\/{rel}","templated":true}]}}