{"id":367,"date":"2020-10-01T10:45:38","date_gmt":"2020-10-01T10:45:38","guid":{"rendered":"https:\/\/acm-muncesti.com\/?page_id=367"},"modified":"2022-07-20T09:58:07","modified_gmt":"2022-07-20T09:58:07","slug":"frigidere","status":"publish","type":"page","link":"https:\/\/acm-muncesti.com\/ro\/metaloconstructii\/frigidere\/","title":{"rendered":"Depozite frigorifice"},"content":{"rendered":"<p><\/p>\n<h3>Una dintre aplica\u021biile cerute \u00een prezent pentru cl\u0103dirile prefabricate cu cadru metalic fabricate de \u201eACM MUNCE\u0218TI\u201d SRL este construirea de depozite frigorifice.<\/h3>\n<p>Cererea pentru astfel de depozite se datoreaz\u0103 at\u00e2t condi\u021biilor pie\u021bei (reac\u021bia la necesitatea \u00eenlocuirii importurilor de produse agricole), c\u00e2t \u0219i programelor de stimulare a statului pentru sus\u021binerea agroindustriei.<\/p>\n<p><strong>Cooperarea bine stabilit\u0103 a companiilor specializate, fiecare dintre acestea fiind un expert de \u00eenalt\u0103 clas\u0103 \u00een domeniul s\u0103u, ne permite s\u0103 realiz\u0103m proiecte la cheie de depozite cu temperatur\u0103 medie \u0219i joas\u0103, garant\u00e2nd clientului condi\u021bii optime pentru implementarea proiectului. \u00cen acela\u0219i timp, investi\u021bia ini\u021bial\u0103 \u00een frigidere industriale prefabricate este redus\u0103 \u00een primul r\u00e2nd datorit\u0103 utiliz\u0103rii unui cadru metalic special creat de inginerii ACM MUNCE\u0218TI SRL: la urma urmei, restul costurilor (echipamente, camere frigorifice) nu depind de structura cl\u0103dirii.<\/strong><\/p>\n<h3>Solu\u021bie industrial\u0103<\/h3>\n<p>Avantajele economice \u0219i tehnice ale depozitelor frigorifice construite folosind tehnologia noastr\u0103 se datoreaz\u0103 urm\u0103torilor factori:<\/p>\n<ul>\n<li>solu\u021bii eficiente de proiectare \u0219i amenajare a cadrelor cl\u0103dirilor pentru depozite frigorifice, dezvoltate de ACM MUNCE\u0218TI;<\/li>\n<li>precizia ridicat\u0103 a dimensiunilor geometrice ale cadrului asigur\u0103, la r\u00e2ndul s\u0103u, o precizie ridicat\u0103 a instal\u0103rii panourilor camerei; rezultat &#8211; etan\u0219are fiabil\u0103 a camerelor frigorifice f\u0103r\u0103 costuri suplimentare de materiale \u0219i manoper\u0103;<\/li>\n<li>cadrele cl\u0103dirilor frigiderului sunt realizate \u021bin\u00e2nd seama de instalarea ventilatoarelor \u0219i a altor echipamente tehnice necesare (nu trebuie s\u0103 pl\u0103ti\u021bi \u00een exces pentru furnizorul de echipamente);<\/li>\n<li>un proiect tipic de depozite frigorifice \u0219i congelatoare prefabricate prevede zone speciale pentru condensatoare deasupra nivelului acoperi\u0219ului, ceea ce cre\u0219te eficien\u021ba utiliz\u0103rii zonei de construc\u021bie.<\/li>\n<\/ul>\n<p><\/p>","protected":false},"excerpt":{"rendered":"<p>Una dintre aplica\u021biile cerute \u00een prezent pentru cl\u0103dirile prefabricate cu cadru metalic fabricate de \u201eACM MUNCE\u0218TI\u201d SRL este construirea de depozite frigorifice. Cererea pentru astfel de depozite se datoreaz\u0103 at\u00e2t condi\u021biilor pie\u021bei (reac\u021bia la necesitatea \u00eenlocuirii importurilor de produse agricole), c\u00e2t \u0219i programelor de stimulare a statului pentru sus\u021binerea agroindustriei. Cooperarea bine stabilit\u0103 a companiilor [&hellip;]<\/p>\n","protected":false},"author":2,"featured_media":0,"parent":349,"menu_order":0,"comment_status":"closed","ping_status":"closed","template":"","meta":[],"_links":{"self":[{"href":"https:\/\/acm-muncesti.com\/ro\/wp-json\/wp\/v2\/pages\/367"}],"collection":[{"href":"https:\/\/acm-muncesti.com\/ro\/wp-json\/wp\/v2\/pages"}],"about":[{"href":"https:\/\/acm-muncesti.com\/ro\/wp-json\/wp\/v2\/types\/page"}],"author":[{"embeddable":true,"href":"https:\/\/acm-muncesti.com\/ro\/wp-json\/wp\/v2\/users\/2"}],"replies":[{"embeddable":true,"href":"https:\/\/acm-muncesti.com\/ro\/wp-json\/wp\/v2\/comments?post=367"}],"version-history":[{"count":27,"href":"https:\/\/acm-muncesti.com\/ro\/wp-json\/wp\/v2\/pages\/367\/revisions"}],"predecessor-version":[{"id":2359,"href":"https:\/\/acm-muncesti.com\/ro\/wp-json\/wp\/v2\/pages\/367\/revisions\/2359"}],"up":[{"embeddable":true,"href":"https:\/\/acm-muncesti.com\/ro\/wp-json\/wp\/v2\/pages\/349"}],"wp:attachment":[{"href":"https:\/\/acm-muncesti.com\/ro\/wp-json\/wp\/v2\/media?parent=367"}],"curies":[{"name":"wp","href":"https:\/\/api.w.org\/{rel}","templated":true}]}}