{"id":372,"date":"2020-10-01T10:10:38","date_gmt":"2020-10-01T10:10:38","guid":{"rendered":"https:\/\/acm-muncesti.com\/?page_id=372"},"modified":"2021-01-30T05:23:09","modified_gmt":"2021-01-30T05:23:09","slug":"depozite","status":"publish","type":"page","link":"https:\/\/acm-muncesti.com\/ro\/metaloconstructii\/depozite\/","title":{"rendered":"Depozite"},"content":{"rendered":"<p><\/p>\n<h3>Construc\u021bia de depozite din structuri metalice<\/h3>\n<p>Construc\u021bia depozitelor din structuri de o\u021bel este cea mai corect\u0103 decizie de ast\u0103zi.<\/p>\n<p>\u00cen favoarea construc\u021biei bazate pe structuri metalice, avantaje precum viteza de construc\u021bie, costuri reduse, rezisten\u021b\u0103 \u0219i siguran\u021b\u0103 ridicate, mobilitate,<\/p>\n<p>Construc\u021bia capital\u0103 a unor astfel de structuri nu se justific\u0103 &#8211; este costisitoare \u0219i dureaz\u0103 mult.<\/p>\n<h3>Care este diferen\u021ba dintre construc\u021bia de depozite din structuri metalice \u0219i construc\u021bia unei structuri de capital?<\/h3>\n<ol>\n<li>Construc\u021bia depozitelor din structuri din o\u021bel nu necesit\u0103 construirea unor funda\u021bii scumpe capabile s\u0103 suporte sarcini grele.<\/li>\n<li>Dup\u0103 cum v\u0103 pute\u021bi imagina, construc\u021bia de structuri din piatr\u0103 necesit\u0103 costuri uria\u0219e de munc\u0103 \u0219i materiale, \u00een timp ce construc\u021bia de cl\u0103diri pe baz\u0103 de structuri metalice este relativ ieftin\u0103 \u0219i se realizeaz\u0103 \u00eentr-un timp relativ scurt.<\/li>\n<li>Spre deosebire de o cl\u0103dire din piatr\u0103, unde pere\u021bii \u00eendeplinesc simultan func\u021biile de elemente portante \u0219i de \u00eenchidere, aceste func\u021bii sunt separate \u00eentr-o cl\u0103dire bazat\u0103 pe structuri metalice. Structurile metalice \u00een sine joac\u0103 rolul elementelor portante, iar panourile de perete tip sandwich joac\u0103 rolul celor de \u00eenchidere.<\/li>\n<li>O structur\u0103 de capital destinat\u0103 ini\u021bial unui depozit este destul de dificil de v\u00e2ndut dac\u0103 dintr-o dat\u0103 nu mai ave\u021bi nevoie de un depozit. Este departe de faptul c\u0103 cei care vor s\u0103 aib\u0103 un depozit vor fi mul\u021bumi\u021bi de locul \u00een care a fost construit. O cl\u0103dire cu structur\u0103 din o\u021bel poate fi pur \u0219i simplu demontat\u0103 \u0219i mutat\u0103 oriunde este nevoie.<\/li>\n<\/ol>\n<p><\/p>","protected":false},"excerpt":{"rendered":"<p>Construc\u021bia de depozite din structuri metalice Construc\u021bia depozitelor din structuri de o\u021bel este cea mai corect\u0103 decizie de ast\u0103zi. \u00cen favoarea construc\u021biei bazate pe structuri metalice, avantaje precum viteza de construc\u021bie, costuri reduse, rezisten\u021b\u0103 \u0219i siguran\u021b\u0103 ridicate, mobilitate, Construc\u021bia capital\u0103 a unor astfel de structuri nu se justific\u0103 &#8211; este costisitoare \u0219i dureaz\u0103 mult. Care [&hellip;]<\/p>\n","protected":false},"author":2,"featured_media":0,"parent":349,"menu_order":0,"comment_status":"closed","ping_status":"closed","template":"","meta":[],"_links":{"self":[{"href":"https:\/\/acm-muncesti.com\/ro\/wp-json\/wp\/v2\/pages\/372"}],"collection":[{"href":"https:\/\/acm-muncesti.com\/ro\/wp-json\/wp\/v2\/pages"}],"about":[{"href":"https:\/\/acm-muncesti.com\/ro\/wp-json\/wp\/v2\/types\/page"}],"author":[{"embeddable":true,"href":"https:\/\/acm-muncesti.com\/ro\/wp-json\/wp\/v2\/users\/2"}],"replies":[{"embeddable":true,"href":"https:\/\/acm-muncesti.com\/ro\/wp-json\/wp\/v2\/comments?post=372"}],"version-history":[{"count":14,"href":"https:\/\/acm-muncesti.com\/ro\/wp-json\/wp\/v2\/pages\/372\/revisions"}],"predecessor-version":[{"id":1892,"href":"https:\/\/acm-muncesti.com\/ro\/wp-json\/wp\/v2\/pages\/372\/revisions\/1892"}],"up":[{"embeddable":true,"href":"https:\/\/acm-muncesti.com\/ro\/wp-json\/wp\/v2\/pages\/349"}],"wp:attachment":[{"href":"https:\/\/acm-muncesti.com\/ro\/wp-json\/wp\/v2\/media?parent=372"}],"curies":[{"name":"wp","href":"https:\/\/api.w.org\/{rel}","templated":true}]}}