{"id":382,"date":"2020-10-01T08:35:56","date_gmt":"2020-10-01T08:35:56","guid":{"rendered":"https:\/\/acm-muncesti.com\/?page_id=382"},"modified":"2020-12-16T09:24:11","modified_gmt":"2020-12-16T09:24:11","slug":"copertine","status":"publish","type":"page","link":"https:\/\/acm-muncesti.com\/ro\/metaloconstructii\/copertine\/","title":{"rendered":"Copertine de diferite scopuri"},"content":{"rendered":"<p><\/p>\n<h3>Copertinele sunt un mijloc eficient de protec\u021bie \u00eempotriva soarelui \u0219i a precipita\u021biilor. &#8222;ACM MUNCE\u0218TI&#8221; proiecteaz\u0103, produce \u0219i instaleaz\u0103 toate tipurile de copertine.<\/h3>\n<p>Vizierele nu numai c\u0103 protejeaz\u0103 holul de intrare \u00eentr-o caban\u0103 de \u021bar\u0103 sau centru de birouri, dar se \u00eencadreaz\u0103 \u0219i din punct de vedere estetic \u00een exteriorul oric\u0103rei cl\u0103diri. Speciali\u0219tii companiei vor dezvolta un design exclusiv, precum \u0219i vor instala produse finite pe cl\u0103dire \u00een cel mai scurt timp posibil. Este posibil s\u0103 fabrica\u021bi viziere conform schi\u021bei clientului.<\/p>\n<h3>Forme de \u0441opertine<\/h3>\n<p>Ele sunt selectate individual pentru fiecare obiect de c\u0103tre un proiectant-constructor, lu\u00e2nd \u00een considerare solu\u021biile arhitecturale generale \u0219i func\u021biile necesare. Este posibil s\u0103 se fabrice copertine \u0219i copertine nestandardizate sub form\u0103 de obiecte stilizate de orice form\u0103.<\/p>\n<h3>Materiale pentru vizor<\/h3>\n<p>Cadrul este un profil metalic de orice dimensiune standard. Acoperi\u0219ul este din tabl\u0103 de o\u021bel.<\/p>\n<h3>Timpul de productie<\/h3>\n<p>Pentru a calcula costul acestuia, \u00een func\u021bie de complexitatea construc\u021biei unui baldachin sau a unei viziere, scrie\u021bi-ne folosind <a href=\"https:\/\/acm-muncesti.com\/ro\/contacts\/\">formularul de feedback<\/a> sau apela\u021bi telefoanele listate \u00een sec\u021biunea <a href=\"https:\/\/acm-muncesti.com\/ro\/contacts\/\">\u201eContacte\u201d<\/a>.<\/p>","protected":false},"excerpt":{"rendered":"<p>Copertinele sunt un mijloc eficient de protec\u021bie \u00eempotriva soarelui \u0219i a precipita\u021biilor. &#8222;ACM MUNCE\u0218TI&#8221; proiecteaz\u0103, produce \u0219i instaleaz\u0103 toate tipurile de copertine. Vizierele nu numai c\u0103 protejeaz\u0103 holul de intrare \u00eentr-o caban\u0103 de \u021bar\u0103 sau centru de birouri, dar se \u00eencadreaz\u0103 \u0219i din punct de vedere estetic \u00een exteriorul oric\u0103rei cl\u0103diri. Speciali\u0219tii companiei vor dezvolta [&hellip;]<\/p>\n","protected":false},"author":2,"featured_media":0,"parent":349,"menu_order":0,"comment_status":"closed","ping_status":"closed","template":"","meta":[],"_links":{"self":[{"href":"https:\/\/acm-muncesti.com\/ro\/wp-json\/wp\/v2\/pages\/382"}],"collection":[{"href":"https:\/\/acm-muncesti.com\/ro\/wp-json\/wp\/v2\/pages"}],"about":[{"href":"https:\/\/acm-muncesti.com\/ro\/wp-json\/wp\/v2\/types\/page"}],"author":[{"embeddable":true,"href":"https:\/\/acm-muncesti.com\/ro\/wp-json\/wp\/v2\/users\/2"}],"replies":[{"embeddable":true,"href":"https:\/\/acm-muncesti.com\/ro\/wp-json\/wp\/v2\/comments?post=382"}],"version-history":[{"count":15,"href":"https:\/\/acm-muncesti.com\/ro\/wp-json\/wp\/v2\/pages\/382\/revisions"}],"predecessor-version":[{"id":1787,"href":"https:\/\/acm-muncesti.com\/ro\/wp-json\/wp\/v2\/pages\/382\/revisions\/1787"}],"up":[{"embeddable":true,"href":"https:\/\/acm-muncesti.com\/ro\/wp-json\/wp\/v2\/pages\/349"}],"wp:attachment":[{"href":"https:\/\/acm-muncesti.com\/ro\/wp-json\/wp\/v2\/media?parent=382"}],"curies":[{"name":"wp","href":"https:\/\/api.w.org\/{rel}","templated":true}]}}