{"id":392,"date":"2020-10-01T06:50:52","date_gmt":"2020-10-01T06:50:52","guid":{"rendered":"https:\/\/acm-muncesti.com\/?page_id=392"},"modified":"2020-12-15T07:54:33","modified_gmt":"2020-12-15T07:54:33","slug":"proiectarea-sistemului","status":"publish","type":"page","link":"https:\/\/acm-muncesti.com\/ro\/proiectarea-sistemului\/","title":{"rendered":"Proiectare"},"content":{"rendered":"<p><\/p>\n<h3>\u201eACM MUNCE\u0218TI\u201d execut\u0103 ordine de diferite grade de complexitate. \u00cen acela\u0219i timp, un aspect important este luarea \u00een considerare a tuturor dorin\u021belor clientului \u0219i respectarea strict\u0103 a tuturor cerin\u021belor documentelor de reglementare. Speciali\u0219tii no\u0219tri folosesc cele mai moderne tehnologii de proiectare.<\/h3>\n<p>Toate acestea fac posibil\u0103 verificarea viitoarei structuri pentru rezisten\u021b\u0103 la eventuale sarcini. Acestea includ v\u00e2ntul, z\u0103pada \u0219i sarcinile seismice, precum \u0219i nivelul de rezisten\u021b\u0103 la coroziune.<\/p>\n<p>\u00cen cel mai scurt timp posibil, speciali\u0219tii no\u0219tri vor dezvolta toat\u0103 documenta\u021bia necesar\u0103, care v\u0103 va permite s\u0103 construi\u021bi rapid \u0219i economic<\/p>\n<ul>\n<li>cl\u0103diri reziden\u021biale \u0219i publice;<\/li>\n<li>silozuri \u0219i bunc\u0103re, care sunt utilizate pentru depozitarea materialelor \u00een vrac;<\/li>\n<li>centre logistice, depozite, hangare;<\/li>\n<li>pasaje inginere\u0219ti, galerii de transport, co\u0219uri de fum;<\/li>\n<li>rezervoare pentru lichide;<\/li>\n<li>cl\u0103diri \u0219i structuri industriale;<\/li>\n<li>construirea de poduri \u0219i jonc\u021biuni;<\/li>\n<li>cl\u0103diri \u0219i structuri care sunt utilizate pentru nevoile industriei agricole.<\/li>\n<\/ul>\n<p><\/p>","protected":false},"excerpt":{"rendered":"<p>\u201eACM MUNCE\u0218TI\u201d execut\u0103 ordine de diferite grade de complexitate. \u00cen acela\u0219i timp, un aspect important este luarea \u00een considerare a tuturor dorin\u021belor clientului \u0219i respectarea strict\u0103 a tuturor cerin\u021belor documentelor de reglementare. Speciali\u0219tii no\u0219tri folosesc cele mai moderne tehnologii de proiectare. Toate acestea fac posibil\u0103 verificarea viitoarei structuri pentru rezisten\u021b\u0103 la eventuale sarcini. Acestea includ [&hellip;]<\/p>\n","protected":false},"author":2,"featured_media":0,"parent":0,"menu_order":0,"comment_status":"closed","ping_status":"closed","template":"","meta":[],"_links":{"self":[{"href":"https:\/\/acm-muncesti.com\/ro\/wp-json\/wp\/v2\/pages\/392"}],"collection":[{"href":"https:\/\/acm-muncesti.com\/ro\/wp-json\/wp\/v2\/pages"}],"about":[{"href":"https:\/\/acm-muncesti.com\/ro\/wp-json\/wp\/v2\/types\/page"}],"author":[{"embeddable":true,"href":"https:\/\/acm-muncesti.com\/ro\/wp-json\/wp\/v2\/users\/2"}],"replies":[{"embeddable":true,"href":"https:\/\/acm-muncesti.com\/ro\/wp-json\/wp\/v2\/comments?post=392"}],"version-history":[{"count":9,"href":"https:\/\/acm-muncesti.com\/ro\/wp-json\/wp\/v2\/pages\/392\/revisions"}],"predecessor-version":[{"id":1657,"href":"https:\/\/acm-muncesti.com\/ro\/wp-json\/wp\/v2\/pages\/392\/revisions\/1657"}],"wp:attachment":[{"href":"https:\/\/acm-muncesti.com\/ro\/wp-json\/wp\/v2\/media?parent=392"}],"curies":[{"name":"wp","href":"https:\/\/api.w.org\/{rel}","templated":true}]}}