{"id":396,"date":"2020-10-01T06:45:07","date_gmt":"2020-10-01T06:45:07","guid":{"rendered":"https:\/\/acm-muncesti.com\/?page_id=396"},"modified":"2020-12-15T07:52:41","modified_gmt":"2020-12-15T07:52:41","slug":"montajul","status":"publish","type":"page","link":"https:\/\/acm-muncesti.com\/ro\/montajul\/","title":{"rendered":"Asamblare"},"content":{"rendered":"<p><\/p>\n<h3>Pentru ca instalarea cadrelor de construc\u021bii din structuri metalice s\u0103 fie realizat\u0103 rapid \u0219i cu costuri minime, acestea sunt mai \u00eent\u00e2i proiectate \u0219i fabricate \u021bin\u00e2nd seama de toate capacit\u0103\u021bile \u0219i dorin\u021bele clientului.<\/h3>\n<p>La locul construc\u021biei structurilor metalice, \u00een primul r\u00e2nd, se efectueaz\u0103 funda\u021bia. Apoi, baza este conectat\u0103 la structurile de o\u021bel ale coloanelor prin blocurile \u0219uruburilor de ancorare \u0219i \u00eencepe instalarea elementelor cadrului de sus\u021binere.<\/p>\n<p>Rigiditatea cadrului de construc\u021bie realizat din structuri metalice este asigurat\u0103 de structurile metalice ale cravatelor, a c\u0103ror instalare se realizeaz\u0103 cu pretensionarea tijelor. \u00cen general, instalarea cl\u0103dirilor din structuri metalice se realizeaz\u0103 folosind \u0219uruburi de fixare, conexiuni ale elementelor, inclusiv \u0219uruburi de \u00eenalt\u0103 rezisten\u021b\u0103 \u0219i ancore, care sunt incluse \u00een livrarea cl\u0103dirilor.<\/p>","protected":false},"excerpt":{"rendered":"<p>Pentru ca instalarea cadrelor de construc\u021bii din structuri metalice s\u0103 fie realizat\u0103 rapid \u0219i cu costuri minime, acestea sunt mai \u00eent\u00e2i proiectate \u0219i fabricate \u021bin\u00e2nd seama de toate capacit\u0103\u021bile \u0219i dorin\u021bele clientului. La locul construc\u021biei structurilor metalice, \u00een primul r\u00e2nd, se efectueaz\u0103 funda\u021bia. Apoi, baza este conectat\u0103 la structurile de o\u021bel ale coloanelor prin blocurile [&hellip;]<\/p>\n","protected":false},"author":2,"featured_media":0,"parent":0,"menu_order":0,"comment_status":"closed","ping_status":"closed","template":"","meta":[],"_links":{"self":[{"href":"https:\/\/acm-muncesti.com\/ro\/wp-json\/wp\/v2\/pages\/396"}],"collection":[{"href":"https:\/\/acm-muncesti.com\/ro\/wp-json\/wp\/v2\/pages"}],"about":[{"href":"https:\/\/acm-muncesti.com\/ro\/wp-json\/wp\/v2\/types\/page"}],"author":[{"embeddable":true,"href":"https:\/\/acm-muncesti.com\/ro\/wp-json\/wp\/v2\/users\/2"}],"replies":[{"embeddable":true,"href":"https:\/\/acm-muncesti.com\/ro\/wp-json\/wp\/v2\/comments?post=396"}],"version-history":[{"count":10,"href":"https:\/\/acm-muncesti.com\/ro\/wp-json\/wp\/v2\/pages\/396\/revisions"}],"predecessor-version":[{"id":1485,"href":"https:\/\/acm-muncesti.com\/ro\/wp-json\/wp\/v2\/pages\/396\/revisions\/1485"}],"wp:attachment":[{"href":"https:\/\/acm-muncesti.com\/ro\/wp-json\/wp\/v2\/media?parent=396"}],"curies":[{"name":"wp","href":"https:\/\/api.w.org\/{rel}","templated":true}]}}