{"id":446,"date":"2020-10-01T07:00:01","date_gmt":"2020-10-01T07:00:01","guid":{"rendered":"https:\/\/acm-muncesti.com\/?page_id=446"},"modified":"2020-12-15T07:58:07","modified_gmt":"2020-12-15T07:58:07","slug":"productia-de-produse-din-foi-subtiri","status":"publish","type":"page","link":"https:\/\/acm-muncesti.com\/ro\/productia-de-produse-din-foi-subtiri\/","title":{"rendered":"Produse din tabl\u0103 de o\u021bel zincat"},"content":{"rendered":"<p><\/p>\n<h3>&#8222;ACM MUNCE\u0218TI&#8221; produce diverse produse din tabl\u0103.<\/h3>\n<p>La efectuarea lucr\u0103rilor de asamblare a sistemelor de ferestre, instalarea acestora \u00een diferite cl\u0103diri, exist\u0103 o nevoie constant\u0103 de a proiecta conexiunile \u00eentre diferite elemente.<\/p>\n<p>Astfel de produse sunt &#8211; reflectorizante, viziere, benzi de acoperire, panouri \u0219i alte elemente structurale.<\/p>\n<p>Prezen\u021ba bazei de produc\u021bie a grupului de \u00eentreprinderi Antares ne permite s\u0103 proiect\u0103m \u0219i s\u0103 fabric\u0103m produsele necesare care au nu numai dimensiuni standard standard, ci \u0219i p\u0103r\u021bi de forme complexe.<\/p>\n<p>Se utilizeaz\u0103 diferite materiale \u00een func\u021bie de proiect &#8211; tabl\u0103 zincat\u0103, tabl\u0103 zincat\u0103 vopsit\u0103, tabl\u0103 de aluminiu, poliester.<\/p>\n<p>Pentru structurile tipice, se folose\u0219te de obicei o\u021bel zincat cu grosimea de 0,55 mm. sau poliester \u00een culori de baz\u0103 &#8211; alb, maro. Baza de poliester este o foaie zincat\u0103 (0,55 mm), care este fosfatat\u0103 \u0219i amorsat\u0103 pe ambele p\u0103r\u021bi. \u00cen etapa final\u0103, vopseaua \u0219i lacul se aplic\u0103 pe partea din fa\u021b\u0103.<\/p>","protected":false},"excerpt":{"rendered":"<p>&#8222;ACM MUNCE\u0218TI&#8221; produce diverse produse din tabl\u0103. La efectuarea lucr\u0103rilor de asamblare a sistemelor de ferestre, instalarea acestora \u00een diferite cl\u0103diri, exist\u0103 o nevoie constant\u0103 de a proiecta conexiunile \u00eentre diferite elemente. Astfel de produse sunt &#8211; reflectorizante, viziere, benzi de acoperire, panouri \u0219i alte elemente structurale. Prezen\u021ba bazei de produc\u021bie a grupului de \u00eentreprinderi [&hellip;]<\/p>\n","protected":false},"author":1,"featured_media":0,"parent":0,"menu_order":0,"comment_status":"closed","ping_status":"closed","template":"","meta":[],"_links":{"self":[{"href":"https:\/\/acm-muncesti.com\/ro\/wp-json\/wp\/v2\/pages\/446"}],"collection":[{"href":"https:\/\/acm-muncesti.com\/ro\/wp-json\/wp\/v2\/pages"}],"about":[{"href":"https:\/\/acm-muncesti.com\/ro\/wp-json\/wp\/v2\/types\/page"}],"author":[{"embeddable":true,"href":"https:\/\/acm-muncesti.com\/ro\/wp-json\/wp\/v2\/users\/1"}],"replies":[{"embeddable":true,"href":"https:\/\/acm-muncesti.com\/ro\/wp-json\/wp\/v2\/comments?post=446"}],"version-history":[{"count":19,"href":"https:\/\/acm-muncesti.com\/ro\/wp-json\/wp\/v2\/pages\/446\/revisions"}],"predecessor-version":[{"id":1483,"href":"https:\/\/acm-muncesti.com\/ro\/wp-json\/wp\/v2\/pages\/446\/revisions\/1483"}],"wp:attachment":[{"href":"https:\/\/acm-muncesti.com\/ro\/wp-json\/wp\/v2\/media?parent=446"}],"curies":[{"name":"wp","href":"https:\/\/api.w.org\/{rel}","templated":true}]}}