{"id":8,"date":"2020-10-01T11:25:11","date_gmt":"2020-10-01T11:25:11","guid":{"rendered":"https:\/\/acm-muncesti.com\/?page_id=8"},"modified":"2021-01-13T13:16:41","modified_gmt":"2021-01-13T13:16:41","slug":"acasa","status":"publish","type":"page","link":"https:\/\/acm-muncesti.com\/ro\/","title":{"rendered":"Acas\u0103"},"content":{"rendered":"<p>Compania &#8222;\u0410\u0421\u041c-MUNCE\u0218TI&#8221; SR activeaz\u0103 pe pia\u021ba construc\u021biilor din Moldova din anul 2002. Calitatea produc\u021biei, pre\u021bul moderat al produselor \u0219i serviciilor, \u0219i utilizarea tehnologiilor performante i-au permis companiei s\u0103 devin\u0103 unul dintre liderii sectorului \u00een Moldova.<\/p>","protected":false},"excerpt":{"rendered":"<p>Compania &#8222;\u0410\u0421\u041c-MUNCE\u0218TI&#8221; SR activeaz\u0103 pe pia\u021ba construc\u021biilor din Moldova din anul 2002. Calitatea produc\u021biei, pre\u021bul moderat al produselor \u0219i serviciilor, \u0219i utilizarea tehnologiilor performante i-au permis companiei s\u0103 devin\u0103 unul dintre liderii sectorului \u00een Moldova.<\/p>\n","protected":false},"author":1,"featured_media":0,"parent":0,"menu_order":0,"comment_status":"closed","ping_status":"closed","template":"","meta":[],"_links":{"self":[{"href":"https:\/\/acm-muncesti.com\/ro\/wp-json\/wp\/v2\/pages\/8"}],"collection":[{"href":"https:\/\/acm-muncesti.com\/ro\/wp-json\/wp\/v2\/pages"}],"about":[{"href":"https:\/\/acm-muncesti.com\/ro\/wp-json\/wp\/v2\/types\/page"}],"author":[{"embeddable":true,"href":"https:\/\/acm-muncesti.com\/ro\/wp-json\/wp\/v2\/users\/1"}],"replies":[{"embeddable":true,"href":"https:\/\/acm-muncesti.com\/ro\/wp-json\/wp\/v2\/comments?post=8"}],"version-history":[{"count":99,"href":"https:\/\/acm-muncesti.com\/ro\/wp-json\/wp\/v2\/pages\/8\/revisions"}],"predecessor-version":[{"id":1833,"href":"https:\/\/acm-muncesti.com\/ro\/wp-json\/wp\/v2\/pages\/8\/revisions\/1833"}],"wp:attachment":[{"href":"https:\/\/acm-muncesti.com\/ro\/wp-json\/wp\/v2\/media?parent=8"}],"curies":[{"name":"wp","href":"https:\/\/api.w.org\/{rel}","templated":true}]}}